{"id":1899,"date":"2018-04-11T14:55:31","date_gmt":"2018-04-11T14:55:31","guid":{"rendered":"https:\/\/massalagros.com\/ecoresort\/"},"modified":"2025-05-19T08:09:33","modified_gmt":"2025-05-19T08:09:33","slug":"ecoresort","status":"publish","type":"page","link":"https:\/\/massalagros.com\/ca\/ecoresort\/","title":{"rendered":"EcoResort"},"content":{"rendered":"","protected":false},"excerpt":{"rendered":"","protected":false},"author":1,"featured_media":2646,"parent":0,"menu_order":210,"comment_status":"closed","ping_status":"closed","template":"views\/template-full-options.blade.php","meta":{"_acf_changed":false,"footnotes":""},"class_list":["post-1899","page","type-page","status-publish","has-post-thumbnail","hentry"],"acf":[],"yoast_head":"<!-- This site is optimized with the Yoast SEO plugin v27.2 - https:\/\/yoast.com\/product\/yoast-seo-wordpress\/ -->\n<title>EcoResort a Vallromanes | Mas Salagros EcoResort<\/title>\n<meta name=\"description\" content=\"Estem ubicats en una zona protegida, amb vistes al Parc protegit de la Serralada Litoral. El nostre funcionament 100% sostenible, ens fa un lloc \u00fanic.\" \/>\n<meta name=\"robots\" content=\"index, follow, max-snippet:-1, max-image-preview:large, max-video-preview:-1\" \/>\n<link rel=\"canonical\" href=\"https:\/\/massalagros.com\/ca\/ecoresort\/\" \/>\n<meta property=\"og:locale\" content=\"ca_ES\" \/>\n<meta property=\"og:type\" content=\"article\" \/>\n<meta property=\"og:title\" content=\"EcoResort a Vallromanes - Mas Salagros\" \/>\n<meta property=\"og:description\" content=\"Estem ubicats en una zona protegida, amb vistes al Parc protegit de la Serralada Litoral. La nostra localitzaci\u00f3, juntament amb el nostre funcionament 100% sostenible, fan d&#039;aquest un lloc \u00fanic a la pen\u00ednsula.\" \/>\n<meta property=\"og:url\" content=\"https:\/\/massalagros.com\/ca\/ecoresort\/\" \/>\n<meta property=\"og:site_name\" content=\"Mas Salagros\" \/>\n<meta property=\"article:publisher\" content=\"https:\/\/www.facebook.com\/MasSalagros\/\" \/>\n<meta property=\"article:modified_time\" content=\"2025-05-19T08:09:33+00:00\" \/>\n<meta property=\"og:image\" content=\"https:\/\/www.massalagros.com\/wp-content\/uploads\/2018\/05\/pantalla-ecoresort.jpg\" \/>\n\t<meta property=\"og:image:width\" content=\"1280\" \/>\n\t<meta property=\"og:image:height\" content=\"720\" \/>\n\t<meta property=\"og:image:type\" content=\"image\/jpeg\" \/>\n<meta name=\"twitter:card\" content=\"summary_large_image\" \/>\n<meta name=\"twitter:title\" content=\"EcoResort a Vallromanes - Mas Salagros\" \/>\n<meta name=\"twitter:description\" content=\"Estem ubicats en una zona protegida, amb vistes al Parc protegit de la Serralada Litoral. La nostra localitzaci\u00f3, juntament amb el nostre funcionament 100% sostenible, fan d&#039;aquest un lloc \u00fanic a la pen\u00ednsula.\" \/>\n<meta name=\"twitter:site\" content=\"@MasSalagros\" \/>\n<meta name=\"twitter:label1\" content=\"Temps estimat de lectura\" \/>\n\t<meta name=\"twitter:data1\" content=\"12 minuts\" \/>\n<script type=\"application\/ld+json\" class=\"yoast-schema-graph\">{\"@context\":\"https:\/\/schema.org\",\"@graph\":[{\"@type\":\"WebPage\",\"@id\":\"https:\/\/massalagros.com\/ca\/ecoresort\/\",\"url\":\"https:\/\/massalagros.com\/ca\/ecoresort\/\",\"name\":\"EcoResort a Vallromanes | Mas Salagros EcoResort\",\"isPartOf\":{\"@id\":\"https:\/\/www.massalagros.com\/ca\/#website\"},\"primaryImageOfPage\":{\"@id\":\"https:\/\/massalagros.com\/ca\/ecoresort\/#primaryimage\"},\"image\":{\"@id\":\"https:\/\/massalagros.com\/ca\/ecoresort\/#primaryimage\"},\"thumbnailUrl\":\"https:\/\/massalagros.com\/wp-content\/uploads\/2018\/05\/pantalla-ecoresort.jpg\",\"datePublished\":\"2018-04-11T14:55:31+00:00\",\"dateModified\":\"2025-05-19T08:09:33+00:00\",\"description\":\"Estem ubicats en una zona protegida, amb vistes al Parc protegit de la Serralada Litoral. El nostre funcionament 100% sostenible, ens fa un lloc \u00fanic.\",\"breadcrumb\":{\"@id\":\"https:\/\/massalagros.com\/ca\/ecoresort\/#breadcrumb\"},\"inLanguage\":\"ca\",\"potentialAction\":[{\"@type\":\"ReadAction\",\"target\":[\"https:\/\/massalagros.com\/ca\/ecoresort\/\"]}]},{\"@type\":\"ImageObject\",\"inLanguage\":\"ca\",\"@id\":\"https:\/\/massalagros.com\/ca\/ecoresort\/#primaryimage\",\"url\":\"https:\/\/massalagros.com\/wp-content\/uploads\/2018\/05\/pantalla-ecoresort.jpg\",\"contentUrl\":\"https:\/\/massalagros.com\/wp-content\/uploads\/2018\/05\/pantalla-ecoresort.jpg\",\"width\":1280,\"height\":720},{\"@type\":\"BreadcrumbList\",\"@id\":\"https:\/\/massalagros.com\/ca\/ecoresort\/#breadcrumb\",\"itemListElement\":[{\"@type\":\"ListItem\",\"position\":1,\"name\":\"Portada\",\"item\":\"https:\/\/massalagros.com\/ca\/\"},{\"@type\":\"ListItem\",\"position\":2,\"name\":\"EcoResort\"}]},{\"@type\":\"WebSite\",\"@id\":\"https:\/\/www.massalagros.com\/ca\/#website\",\"url\":\"https:\/\/www.massalagros.com\/ca\/\",\"name\":\"Mas Salagros\",\"description\":\"EcoResort de lujo en Barcelona - Vallromanes\",\"publisher\":{\"@id\":\"https:\/\/www.massalagros.com\/ca\/#organization\"},\"potentialAction\":[{\"@type\":\"SearchAction\",\"target\":{\"@type\":\"EntryPoint\",\"urlTemplate\":\"https:\/\/www.massalagros.com\/ca\/?s={search_term_string}\"},\"query-input\":{\"@type\":\"PropertyValueSpecification\",\"valueRequired\":true,\"valueName\":\"search_term_string\"}}],\"inLanguage\":\"ca\"},{\"@type\":\"Organization\",\"@id\":\"https:\/\/www.massalagros.com\/ca\/#organization\",\"name\":\"MAS SALAGROS HOTEL ECORESORT\",\"url\":\"https:\/\/www.massalagros.com\/ca\/\",\"logo\":{\"@type\":\"ImageObject\",\"inLanguage\":\"ca\",\"@id\":\"https:\/\/www.massalagros.com\/ca\/#\/schema\/logo\/image\/\",\"url\":\"\/wp-content\/uploads\/2018\/05\/IMG_0116.jpg\",\"contentUrl\":\"\/wp-content\/uploads\/2018\/05\/IMG_0116.jpg\",\"width\":2000,\"height\":1333,\"caption\":\"MAS SALAGROS HOTEL ECORESORT\"},\"image\":{\"@id\":\"https:\/\/www.massalagros.com\/ca\/#\/schema\/logo\/image\/\"},\"sameAs\":[\"https:\/\/www.facebook.com\/MasSalagros\/\",\"https:\/\/x.com\/MasSalagros\",\"https:\/\/www.instagram.com\/massalagrosecoresort\/\"]}]}<\/script>\n<!-- \/ Yoast SEO plugin. -->","yoast_head_json":{"title":"EcoResort a Vallromanes | Mas Salagros EcoResort","description":"Estem ubicats en una zona protegida, amb vistes al Parc protegit de la Serralada Litoral. El nostre funcionament 100% sostenible, ens fa un lloc \u00fanic.","robots":{"index":"index","follow":"follow","max-snippet":"max-snippet:-1","max-image-preview":"max-image-preview:large","max-video-preview":"max-video-preview:-1"},"canonical":"https:\/\/massalagros.com\/ca\/ecoresort\/","og_locale":"ca_ES","og_type":"article","og_title":"EcoResort a Vallromanes - Mas Salagros","og_description":"Estem ubicats en una zona protegida, amb vistes al Parc protegit de la Serralada Litoral. La nostra localitzaci\u00f3, juntament amb el nostre funcionament 100% sostenible, fan d'aquest un lloc \u00fanic a la pen\u00ednsula.","og_url":"https:\/\/massalagros.com\/ca\/ecoresort\/","og_site_name":"Mas Salagros","article_publisher":"https:\/\/www.facebook.com\/MasSalagros\/","article_modified_time":"2025-05-19T08:09:33+00:00","og_image":[{"width":1280,"height":720,"url":"https:\/\/www.massalagros.com\/wp-content\/uploads\/2018\/05\/pantalla-ecoresort.jpg","type":"image\/jpeg"}],"twitter_card":"summary_large_image","twitter_title":"EcoResort a Vallromanes - Mas Salagros","twitter_description":"Estem ubicats en una zona protegida, amb vistes al Parc protegit de la Serralada Litoral. La nostra localitzaci\u00f3, juntament amb el nostre funcionament 100% sostenible, fan d'aquest un lloc \u00fanic a la pen\u00ednsula.","twitter_site":"@MasSalagros","twitter_misc":{"Temps estimat de lectura":"12 minuts"},"schema":{"@context":"https:\/\/schema.org","@graph":[{"@type":"WebPage","@id":"https:\/\/massalagros.com\/ca\/ecoresort\/","url":"https:\/\/massalagros.com\/ca\/ecoresort\/","name":"EcoResort a Vallromanes | Mas Salagros EcoResort","isPartOf":{"@id":"https:\/\/www.massalagros.com\/ca\/#website"},"primaryImageOfPage":{"@id":"https:\/\/massalagros.com\/ca\/ecoresort\/#primaryimage"},"image":{"@id":"https:\/\/massalagros.com\/ca\/ecoresort\/#primaryimage"},"thumbnailUrl":"https:\/\/massalagros.com\/wp-content\/uploads\/2018\/05\/pantalla-ecoresort.jpg","datePublished":"2018-04-11T14:55:31+00:00","dateModified":"2025-05-19T08:09:33+00:00","description":"Estem ubicats en una zona protegida, amb vistes al Parc protegit de la Serralada Litoral. El nostre funcionament 100% sostenible, ens fa un lloc \u00fanic.","breadcrumb":{"@id":"https:\/\/massalagros.com\/ca\/ecoresort\/#breadcrumb"},"inLanguage":"ca","potentialAction":[{"@type":"ReadAction","target":["https:\/\/massalagros.com\/ca\/ecoresort\/"]}]},{"@type":"ImageObject","inLanguage":"ca","@id":"https:\/\/massalagros.com\/ca\/ecoresort\/#primaryimage","url":"https:\/\/massalagros.com\/wp-content\/uploads\/2018\/05\/pantalla-ecoresort.jpg","contentUrl":"https:\/\/massalagros.com\/wp-content\/uploads\/2018\/05\/pantalla-ecoresort.jpg","width":1280,"height":720},{"@type":"BreadcrumbList","@id":"https:\/\/massalagros.com\/ca\/ecoresort\/#breadcrumb","itemListElement":[{"@type":"ListItem","position":1,"name":"Portada","item":"https:\/\/massalagros.com\/ca\/"},{"@type":"ListItem","position":2,"name":"EcoResort"}]},{"@type":"WebSite","@id":"https:\/\/www.massalagros.com\/ca\/#website","url":"https:\/\/www.massalagros.com\/ca\/","name":"Mas Salagros","description":"EcoResort de lujo en Barcelona - Vallromanes","publisher":{"@id":"https:\/\/www.massalagros.com\/ca\/#organization"},"potentialAction":[{"@type":"SearchAction","target":{"@type":"EntryPoint","urlTemplate":"https:\/\/www.massalagros.com\/ca\/?s={search_term_string}"},"query-input":{"@type":"PropertyValueSpecification","valueRequired":true,"valueName":"search_term_string"}}],"inLanguage":"ca"},{"@type":"Organization","@id":"https:\/\/www.massalagros.com\/ca\/#organization","name":"MAS SALAGROS HOTEL ECORESORT","url":"https:\/\/www.massalagros.com\/ca\/","logo":{"@type":"ImageObject","inLanguage":"ca","@id":"https:\/\/www.massalagros.com\/ca\/#\/schema\/logo\/image\/","url":"\/wp-content\/uploads\/2018\/05\/IMG_0116.jpg","contentUrl":"\/wp-content\/uploads\/2018\/05\/IMG_0116.jpg","width":2000,"height":1333,"caption":"MAS SALAGROS HOTEL ECORESORT"},"image":{"@id":"https:\/\/www.massalagros.com\/ca\/#\/schema\/logo\/image\/"},"sameAs":["https:\/\/www.facebook.com\/MasSalagros\/","https:\/\/x.com\/MasSalagros","https:\/\/www.instagram.com\/massalagrosecoresort\/"]}]}},"_links":{"self":[{"href":"https:\/\/massalagros.com\/ca\/wp-json\/wp\/v2\/pages\/1899","targetHints":{"allow":["GET"]}}],"collection":[{"href":"https:\/\/massalagros.com\/ca\/wp-json\/wp\/v2\/pages"}],"about":[{"href":"https:\/\/massalagros.com\/ca\/wp-json\/wp\/v2\/types\/page"}],"author":[{"embeddable":true,"href":"https:\/\/massalagros.com\/ca\/wp-json\/wp\/v2\/users\/1"}],"replies":[{"embeddable":true,"href":"https:\/\/massalagros.com\/ca\/wp-json\/wp\/v2\/comments?post=1899"}],"version-history":[{"count":5,"href":"https:\/\/massalagros.com\/ca\/wp-json\/wp\/v2\/pages\/1899\/revisions"}],"predecessor-version":[{"id":28203,"href":"https:\/\/massalagros.com\/ca\/wp-json\/wp\/v2\/pages\/1899\/revisions\/28203"}],"wp:featuredmedia":[{"embeddable":true,"href":"https:\/\/massalagros.com\/ca\/wp-json\/wp\/v2\/media\/2646"}],"wp:attachment":[{"href":"https:\/\/massalagros.com\/ca\/wp-json\/wp\/v2\/media?parent=1899"}],"curies":[{"name":"wp","href":"https:\/\/api.w.org\/{rel}","templated":true}]}}